{"id":117,"date":"2025-08-20T13:47:33","date_gmt":"2025-08-20T11:47:33","guid":{"rendered":"https:\/\/www.cassandrelepic.com\/?page_id=117"},"modified":"2025-08-30T19:39:00","modified_gmt":"2025-08-30T17:39:00","slug":"qui-suis-je","status":"publish","type":"page","link":"https:\/\/www.cassandrelepic.com\/en\/qui-suis-je\/","title":{"rendered":"Qui suis-je ?"},"content":{"rendered":"<div class=\"wp-block-uagb-container uagb-block-861e1998 alignfull uagb-is-root-container\"><div class=\"uagb-container-inner-blocks-wrap\">\n<div class=\"wp-block-uagb-container uagb-block-b9ef2629 alignfull uagb-is-root-container\"><div class=\"uagb-container-inner-blocks-wrap\">\n<div class=\"wp-block-uagb-container uagb-block-0002d8e7\">\n<h1 class=\"wp-block-heading\">On m\u2019appelle Ma\u00eetresse Cassandre, dominatrice \u00e9l\u00e9gante parisienne.<\/h1>\n\n\n\n<p>Jolie quarantenaire, blonde et souriante, j\u2019incarne la douceur qui rassure et le pouvoir qui d\u00e9sarme\u2026 mais aussi la cruaut\u00e9 d\u00e9licieuse qui fait frissonner. Architecte de d\u00e9sirs, je fa\u00e7onne des jeux BDSM o\u00f9 chaque geste, chaque mot, chaque silence est pens\u00e9 pour troubler l\u2019\u00e2me et le corps.<\/p>\n\n\n\n<p>Je suis artiste : j\u2019aime m\u2019attarder sur un d\u00e9tail, caresser une mati\u00e8re, jouer avec une lumi\u00e8re, cr\u00e9er une ambiance o\u00f9 tout est \u00e0 sa place\u2026 surtout vous. J\u2019aime les jolies robes, la lingerie fine, le cuir, les talons qui claquent, les lacets qui se resserrent, la f\u00e9minisation subtile, l\u2019esth\u00e9tique du beau m\u00eal\u00e9 \u00e0 l\u2019interdit.<\/p>\n\n\n\n<p>Je s\u00e8me l\u2019ordre et j\u2019exige l\u2019ob\u00e9issance. J\u2019aime me sentir puissante, vous sentir \u00e0 ma merci, et faire jaillir en vous des sensations in\u00e9dites. La soumission, avec moi, se go\u00fbte comme un parfum rare : lentement, intens\u00e9ment, et toujours avec une pointe de surprise.<\/p>\n\n\n\n<p>Bienvenue dans mon univers. Ici, la libert\u00e9 na\u00eet de l\u2019abandon, et la soumission devient un luxe r\u00e9serv\u00e9 \u00e0 ceux qui osent s\u2019offrir \u00e0 moi. Seras-tu mon prochain jouet ?<\/p>\n<\/div>\n\n\n\n<div class=\"wp-block-uagb-container uagb-layout-grid uagb-block-35350e01\">\n<div class=\"wp-block-uagb-image uagb-block-9d4d981b wp-block-uagb-image--layout-default wp-block-uagb-image--effect-static wp-block-uagb-image--align-none\"><figure class=\"wp-block-uagb-image__figure\"><img decoding=\"async\" srcset=\"https:\/\/www.cassandrelepic.com\/wp-content\/uploads\/2025\/08\/IMG_1631-1-576x1024.jpeg ,https:\/\/www.cassandrelepic.com\/wp-content\/uploads\/2025\/08\/IMG_1631-1-scaled.jpeg 780w, https:\/\/www.cassandrelepic.com\/wp-content\/uploads\/2025\/08\/IMG_1631-1-scaled.jpeg 360w\" sizes=\"auto, (max-width: 480px) 150px\" src=\"https:\/\/www.cassandrelepic.com\/wp-content\/uploads\/2025\/08\/IMG_1631-1-576x1024.jpeg\" alt=\"\" class=\"uag-image-178\" width=\"1750\" height=\"1750\" title=\"\" loading=\"lazy\" role=\"presentation\"\/><\/figure><\/div>\n<\/div>\n<\/div><\/div>\n\n\n\n<h2 class=\"wp-block-heading\"><strong>Mon style<\/strong><\/h2>\n\n\n\n<div class=\"wp-block-uagb-container uagb-block-985f7eae alignfull uagb-is-root-container\"><div class=\"uagb-container-inner-blocks-wrap\">\n<div class=\"wp-block-uagb-container uagb-block-80866acd\">\n<h3 class=\"wp-block-heading\"><strong>\u00c9l\u00e9gance<\/strong><\/h3>\n\n\n\n<p>Sobre et raffin\u00e9e, je cultive un style o\u00f9 tout est pens\u00e9, ajust\u00e9, ma\u00eetris\u00e9. Rien n\u2019est laiss\u00e9 au hasard : chaque geste, chaque regard, chaque accessoire est choisi pour s\u00e9duire l\u2019\u0153il et troubler l\u2019esprit. \u00catre une&nbsp;<strong>dominatrice \u00e9l\u00e9gante parisienne<\/strong>, c\u2019est savoir imposer son autorit\u00e9 avec gr\u00e2ce, transformer un simple d\u00e9tail en rituel de pouvoir.<\/p>\n<\/div>\n\n\n\n<div class=\"wp-block-uagb-container uagb-block-6891f401\">\n<h3 class=\"wp-block-heading\"><strong>Sensibilit\u00e9<\/strong><\/h3>\n\n\n\n<p>\u00c0 l\u2019\u00e9coute, je per\u00e7ois les d\u00e9tails invisibles, les respirations, les silences qui en disent long. J\u2019accorde une valeur particuli\u00e8re \u00e0 la subtilit\u00e9, et je choisis avec soin ceux que j\u2019accompagne dans mon univers. Cette sensibilit\u00e9 me permet de jouer avec vos limites, de les caresser, de les fr\u00f4ler, parfois de les d\u00e9passer, mais toujours avec pr\u00e9cision et conscience.<\/p>\n<\/div>\n\n\n\n<div class=\"wp-block-uagb-container uagb-block-be899217\">\n<h3 class=\"wp-block-heading\"><strong>Fantasmes<\/strong><\/h3>\n\n\n\n<p>Je cr\u00e9e des jeux o\u00f9 l\u2019\u00e9l\u00e9gance et la cruaut\u00e9 se m\u00ealent avec art. J\u2019accueille vos envies, vos curiosit\u00e9s et vos fantasmes, pourvu qu\u2019ils soient partag\u00e9s dans le respect et la confiance. Le plaisir se joue \u00e0 deux, m\u00eame lorsque l\u2019un c\u00e8de le contr\u00f4le. Je prends vos d\u00e9sirs, je les fa\u00e7onne, je les d\u00e9tourne parfois, pour en faire une exp\u00e9rience plus riche que vous ne l\u2019auriez imagin\u00e9e.<\/p>\n<\/div>\n\n\n\n<div class=\"wp-block-uagb-container uagb-block-1daf6fa0\">\n<h3 class=\"wp-block-heading\"><strong>Limites<\/strong><\/h3>\n\n\n\n<p>Mon univers ne comporte aucun acte sexuel. Tout se vit dans le respect absolu des limites et du consentement, car je sais qu\u2019un esprit soumis par choix l\u2019est bien plus profond\u00e9ment qu\u2019un corps forc\u00e9. La frustration, l\u2019attente et l\u2019ob\u00e9issance sont des outils bien plus puissants que l\u2019\u00e9vidence charnelle.<\/p>\n<\/div>\n<\/div><\/div>\n\n\n\n<h2 class=\"wp-block-heading\">Exp\u00e9riences &amp; limites<\/h2>\n\n\n\n<p>Tu es ici parce que tu veux c\u00e9der.<\/p>\n\n\n\n<p>Et moi, dominatrice cruelle et cr\u00e9ative, je sais comment t\u2019emmener l\u00e0 o\u00f9 tu n\u2019as jamais os\u00e9 aller\u2026 tout en restant dans un cadre clair, s\u00fbr, et choisi.<\/p>\n\n\n\n<p>Mes s\u00e9ances sont des rituels : une heure o\u00f9 ton corps et ton esprit m\u2019appartiennent, sans aucun acte sexuel, mais avec une intensit\u00e9 qui d\u00e9passe tout ce que tu imagines. Ici, tout se vit dans le respect absolu des limites et du consentement\u2026 ce qui rend chaque geste plus fort, chaque seconde plus marquante.<\/p>\n\n\n\n<p>Parfois, je joue avec le rythme : un souffle proche de ton oreille, un fr\u00f4lement de cuir sur ta peau, puis un claquement qui r\u00e9sonne dans la pi\u00e8ce. J\u2019observe comment ton corps r\u00e9agit, comment ta respiration se brise, comment ton regard cherche \u00e0 comprendre ce qui va suivre\u2026 et comment je peux te faire attendre juste un peu plus.<\/p>\n\n\n\n<p>D\u2019autres fois, je te fais plier, t\u2019abaisser, ramper, jusqu\u2019\u00e0 ce que ton propre reflet ne te reconnaisse plus. Ou je t\u2019immobilise, t\u2019expose, te laisse deviner ce que je pourrais faire\u2026 ou choisir de ne pas faire.<\/p>\n\n\n\n<p>Tu ressors entier, mais chang\u00e9. Et longtemps apr\u00e8s, alors que tu croiras avoir retrouv\u00e9 ta place, un mot, un geste ou un souvenir te ram\u00e8nera \u00e0 genoux\u2026 exactement l\u00e0 o\u00f9 je t\u2019ai laiss\u00e9.<\/p>\n\n\n\n<div class=\"wp-block-uagb-call-to-action uagb-block-5c2db067 wp-block-button\"><div class=\"uagb-cta__wrap\"><\/div><div class=\"uagb-cta__buttons\"><a href=\"\/en\/pratiques\/\" class=\"uagb-cta__button-link-wrapper wp-block-button__link\" target=\"_self\" rel=\"noopener noreferrer\">Mes pratiques<svg xmlns=\"https:\/\/www.w3.org\/2000\/svg\" viewbox=\"0 0 512 512\"><path d=\"M504.3 273.6l-112.1 104c-6.992 6.484-17.18 8.218-25.94 4.406c-8.758-3.812-14.42-12.45-14.42-21.1L351.9 288H32C14.33 288 .0002 273.7 .0002 255.1S14.33 224 32 224h319.9l0-72c0-9.547 5.66-18.19 14.42-22c8.754-3.809 18.95-2.075 25.94 4.41l112.1 104C514.6 247.9 514.6 264.1 504.3 273.6z\"><\/path><\/svg><\/a><\/div><\/div>\n<\/div><\/div>\n\n\n\n<p><\/p>","protected":false},"excerpt":{"rendered":"<p>On m\u2019appelle Ma\u00eetresse Cassandre, dominatrice \u00e9l\u00e9gante parisienne. Jolie quarantenaire, blonde et souriante, j\u2019incarne la douceur qui rassure et le pouvoir [&hellip;]<\/p>","protected":false},"author":1,"featured_media":0,"parent":0,"menu_order":0,"comment_status":"closed","ping_status":"closed","template":"","meta":{"_uag_custom_page_level_css":"","site-sidebar-layout":"default","site-content-layout":"","ast-site-content-layout":"default","site-content-style":"default","site-sidebar-style":"default","ast-global-header-display":"","ast-banner-title-visibility":"","ast-main-header-display":"","ast-hfb-above-header-display":"","ast-hfb-below-header-display":"","ast-hfb-mobile-header-display":"","site-post-title":"","ast-breadcrumbs-content":"","ast-featured-img":"","footer-sml-layout":"","ast-disable-related-posts":"","theme-transparent-header-meta":"","adv-header-id-meta":"","stick-header-meta":"","header-above-stick-meta":"","header-main-stick-meta":"","header-below-stick-meta":"","astra-migrate-meta-layouts":"default","ast-page-background-enabled":"default","ast-page-background-meta":{"desktop":{"background-color":"var(--ast-global-color-5)","background-image":"","background-repeat":"repeat","background-position":"center center","background-size":"auto","background-attachment":"scroll","background-type":"","background-media":"","overlay-type":"","overlay-color":"","overlay-opacity":"","overlay-gradient":""},"tablet":{"background-color":"","background-image":"","background-repeat":"repeat","background-position":"center center","background-size":"auto","background-attachment":"scroll","background-type":"","background-media":"","overlay-type":"","overlay-color":"","overlay-opacity":"","overlay-gradient":""},"mobile":{"background-color":"","background-image":"","background-repeat":"repeat","background-position":"center center","background-size":"auto","background-attachment":"scroll","background-type":"","background-media":"","overlay-type":"","overlay-color":"","overlay-opacity":"","overlay-gradient":""}},"ast-content-background-meta":{"desktop":{"background-color":"var(--ast-global-color-4)","background-image":"","background-repeat":"repeat","background-position":"center center","background-size":"auto","background-attachment":"scroll","background-type":"","background-media":"","overlay-type":"","overlay-color":"","overlay-opacity":"","overlay-gradient":""},"tablet":{"background-color":"var(--ast-global-color-4)","background-image":"","background-repeat":"repeat","background-position":"center center","background-size":"auto","background-attachment":"scroll","background-type":"","background-media":"","overlay-type":"","overlay-color":"","overlay-opacity":"","overlay-gradient":""},"mobile":{"background-color":"var(--ast-global-color-4)","background-image":"","background-repeat":"repeat","background-position":"center center","background-size":"auto","background-attachment":"scroll","background-type":"","background-media":"","overlay-type":"","overlay-color":"","overlay-opacity":"","overlay-gradient":""}},"footnotes":""},"class_list":["post-117","page","type-page","status-publish","hentry"],"uagb_featured_image_src":{"full":false,"thumbnail":false,"medium":false,"medium_large":false,"large":false,"1536x1536":false,"2048x2048":false,"trp-custom-language-flag":false},"uagb_author_info":{"display_name":"Goddess","author_link":"https:\/\/www.cassandrelepic.com\/en\/author\/cassandre-lepicproton-me\/"},"uagb_comment_info":0,"uagb_excerpt":"On m\u2019appelle Ma\u00eetresse Cassandre, dominatrice \u00e9l\u00e9gante parisienne. Jolie quarantenaire, blonde et souriante, j\u2019incarne la douceur qui rassure et le pouvoir [&hellip;]","_links":{"self":[{"href":"https:\/\/www.cassandrelepic.com\/en\/wp-json\/wp\/v2\/pages\/117","targetHints":{"allow":["GET"]}}],"collection":[{"href":"https:\/\/www.cassandrelepic.com\/en\/wp-json\/wp\/v2\/pages"}],"about":[{"href":"https:\/\/www.cassandrelepic.com\/en\/wp-json\/wp\/v2\/types\/page"}],"author":[{"embeddable":true,"href":"https:\/\/www.cassandrelepic.com\/en\/wp-json\/wp\/v2\/users\/1"}],"replies":[{"embeddable":true,"href":"https:\/\/www.cassandrelepic.com\/en\/wp-json\/wp\/v2\/comments?post=117"}],"version-history":[{"count":24,"href":"https:\/\/www.cassandrelepic.com\/en\/wp-json\/wp\/v2\/pages\/117\/revisions"}],"predecessor-version":[{"id":332,"href":"https:\/\/www.cassandrelepic.com\/en\/wp-json\/wp\/v2\/pages\/117\/revisions\/332"}],"wp:attachment":[{"href":"https:\/\/www.cassandrelepic.com\/en\/wp-json\/wp\/v2\/media?parent=117"}],"curies":[{"name":"wp","href":"https:\/\/api.w.org\/{rel}","templated":true}]}}