{"id":168,"date":"2025-08-20T21:21:50","date_gmt":"2025-08-20T19:21:50","guid":{"rendered":"https:\/\/www.cassandrelepic.com\/?page_id=168"},"modified":"2025-12-29T11:34:25","modified_gmt":"2025-12-29T09:34:25","slug":"conditions","status":"publish","type":"page","link":"https:\/\/www.cassandrelepic.com\/en\/conditions\/","title":{"rendered":"Conditions"},"content":{"rendered":"<div class=\"wp-block-uagb-container uagb-block-5b22c7f0 alignfull uagb-is-root-container\"><div class=\"uagb-container-inner-blocks-wrap\">\n<div class=\"wp-block-uagb-container uagb-block-18a533d5 alignfull uagb-is-root-container\"><div class=\"uagb-container-inner-blocks-wrap\">\n<blockquote class=\"wp-block-quote is-layout-flow wp-block-quote-is-layout-flow\">\n<p>Ob\u00e9ir \u00e0 mes conditions, c\u2019est d\u00e9j\u00e0 commencer \u00e0 c\u00e9der.<\/p>\n<\/blockquote>\n<\/div><\/div>\n\n\n\n<div class=\"wp-block-uagb-container uagb-block-766b4867 alignfull uagb-is-root-container\"><div class=\"uagb-container-inner-blocks-wrap\">\n<div class=\"wp-block-uagb-container uagb-block-a598fc2e\">\n<h2 class=\"wp-block-heading\">D\u00e9roulement<\/h2>\n\n\n\n<p>La s\u00e9ance durera le temps fix\u00e9 \u00e0 l\u2019avance, et pour au moins 1h. Tout le long, tu seras enti\u00e8rement sous mon contr\u00f4le.<\/p>\n\n\n\n<p>C&rsquo;est simple : Je commande, tu ob\u00e9is.<\/p>\n\n\n\n<p>Chaque geste et chaque mot que je choisis a un but : \u00e9veiller, contempler et te marquer.<\/p>\n\n\n\n<p>Mon majordome n&rsquo;est jamais tr\u00e8s loin. <br>Il ne participe pas, mais il est pr\u00e9sent, quelque part, \u00e0 port\u00e9e de voix.<\/p>\n<\/div>\n\n\n\n<div class=\"wp-block-uagb-container uagb-block-c57ad629\">\n<h2 class=\"wp-block-heading\">Mes 10 r\u00e8gles<\/h2>\n\n\n\n<ol class=\"wp-block-list\">\n<li><strong>Clart\u00e9 d\u2019esprit<\/strong>\u00a0\u2013 Aucun usage de drogue. Je veux un esprit lucide, capable de savourer chaque seconde.<\/li>\n\n\n\n<li><strong>Ponctualit\u00e9<\/strong>\u00a0\u2013 Sois \u00e0 l&rsquo;heure, mon temps est pr\u00e9cieux. <\/li>\n\n\n\n<li><strong>Discr\u00e9tion<\/strong>\u00a0\u2013 Tout ce qui se passe entre ces murs reste ici, invisible pour les autres.<\/li>\n\n\n\n<li><strong>Respect<\/strong>\u00a0\u2013 Tu me vouvoies et m\u2019appelles\u00a0<em>Ma\u00eetresse Cassandre<\/em>. <\/li>\n\n\n\n<li><strong>Contact<\/strong>\u00a0\u2013 Tu ne me touches jamais sans mon ordre. <\/li>\n\n\n\n<li><strong>Propret\u00e9<\/strong>\u00a0\u2013 Hygi\u00e8ne irr\u00e9prochable. <\/li>\n\n\n\n<li><strong>Initiative<\/strong>\u00a0\u2013 Aucune. <\/li>\n\n\n\n<li><strong>Communication<\/strong>\u00a0\u2013 Si tes limites approchent, tu m\u2019en informes. <\/li>\n\n\n\n<li><strong>Safe-word<\/strong>\u00a0\u2013\u00a0<em>ROUGE<\/em>. <\/li>\n\n\n\n<li><strong>\u00c0 l\u2019ext\u00e9rieur<\/strong>\u00a0\u2013 Ce que nous partageons est un secret pr\u00e9cieux.<\/li>\n<\/ol>\n<\/div>\n<\/div><\/div>\n\n\n\n<div class=\"wp-block-uagb-call-to-action uagb-block-208a8fb9 wp-block-button\"><div class=\"uagb-cta__wrap\"><\/div><div class=\"uagb-cta__buttons\"><a href=\"\/en\/contact\/\" class=\"uagb-cta__button-link-wrapper wp-block-button__link\" target=\"_self\" rel=\"noopener noreferrer\">Apply<svg xmlns=\"https:\/\/www.w3.org\/2000\/svg\" viewbox=\"0 0 512 512\"><path d=\"M504.3 273.6l-112.1 104c-6.992 6.484-17.18 8.218-25.94 4.406c-8.758-3.812-14.42-12.45-14.42-21.1L351.9 288H32C14.33 288 .0002 273.7 .0002 255.1S14.33 224 32 224h319.9l0-72c0-9.547 5.66-18.19 14.42-22c8.754-3.809 18.95-2.075 25.94 4.41l112.1 104C514.6 247.9 514.6 264.1 504.3 273.6z\"><\/path><\/svg><\/a><\/div><\/div>\n<\/div><\/div>","protected":false},"excerpt":{"rendered":"<p>Ob\u00e9ir \u00e0 mes conditions, c\u2019est d\u00e9j\u00e0 commencer \u00e0 c\u00e9der. D\u00e9roulement La s\u00e9ance durera le temps fix\u00e9 \u00e0 l\u2019avance, et pour [&hellip;]<\/p>","protected":false},"author":1,"featured_media":0,"parent":0,"menu_order":0,"comment_status":"closed","ping_status":"closed","template":"","meta":{"_uag_custom_page_level_css":"","site-sidebar-layout":"default","site-content-layout":"","ast-site-content-layout":"default","site-content-style":"default","site-sidebar-style":"default","ast-global-header-display":"","ast-banner-title-visibility":"","ast-main-header-display":"","ast-hfb-above-header-display":"","ast-hfb-below-header-display":"","ast-hfb-mobile-header-display":"","site-post-title":"","ast-breadcrumbs-content":"","ast-featured-img":"","footer-sml-layout":"","ast-disable-related-posts":"","theme-transparent-header-meta":"","adv-header-id-meta":"","stick-header-meta":"","header-above-stick-meta":"","header-main-stick-meta":"","header-below-stick-meta":"","astra-migrate-meta-layouts":"default","ast-page-background-enabled":"default","ast-page-background-meta":{"desktop":{"background-color":"var(--ast-global-color-5)","background-image":"","background-repeat":"repeat","background-position":"center center","background-size":"auto","background-attachment":"scroll","background-type":"","background-media":"","overlay-type":"","overlay-color":"","overlay-opacity":"","overlay-gradient":""},"tablet":{"background-color":"","background-image":"","background-repeat":"repeat","background-position":"center center","background-size":"auto","background-attachment":"scroll","background-type":"","background-media":"","overlay-type":"","overlay-color":"","overlay-opacity":"","overlay-gradient":""},"mobile":{"background-color":"","background-image":"","background-repeat":"repeat","background-position":"center center","background-size":"auto","background-attachment":"scroll","background-type":"","background-media":"","overlay-type":"","overlay-color":"","overlay-opacity":"","overlay-gradient":""}},"ast-content-background-meta":{"desktop":{"background-color":"var(--ast-global-color-4)","background-image":"","background-repeat":"repeat","background-position":"center center","background-size":"auto","background-attachment":"scroll","background-type":"","background-media":"","overlay-type":"","overlay-color":"","overlay-opacity":"","overlay-gradient":""},"tablet":{"background-color":"var(--ast-global-color-4)","background-image":"","background-repeat":"repeat","background-position":"center center","background-size":"auto","background-attachment":"scroll","background-type":"","background-media":"","overlay-type":"","overlay-color":"","overlay-opacity":"","overlay-gradient":""},"mobile":{"background-color":"var(--ast-global-color-4)","background-image":"","background-repeat":"repeat","background-position":"center center","background-size":"auto","background-attachment":"scroll","background-type":"","background-media":"","overlay-type":"","overlay-color":"","overlay-opacity":"","overlay-gradient":""}},"footnotes":""},"class_list":["post-168","page","type-page","status-publish","hentry"],"uagb_featured_image_src":{"full":false,"thumbnail":false,"medium":false,"medium_large":false,"large":false,"1536x1536":false,"2048x2048":false,"trp-custom-language-flag":false},"uagb_author_info":{"display_name":"Goddess","author_link":"https:\/\/www.cassandrelepic.com\/en\/author\/cassandre-lepicproton-me\/"},"uagb_comment_info":0,"uagb_excerpt":"Ob\u00e9ir \u00e0 mes conditions, c\u2019est d\u00e9j\u00e0 commencer \u00e0 c\u00e9der. D\u00e9roulement La s\u00e9ance durera le temps fix\u00e9 \u00e0 l\u2019avance, et pour [&hellip;]","_links":{"self":[{"href":"https:\/\/www.cassandrelepic.com\/en\/wp-json\/wp\/v2\/pages\/168","targetHints":{"allow":["GET"]}}],"collection":[{"href":"https:\/\/www.cassandrelepic.com\/en\/wp-json\/wp\/v2\/pages"}],"about":[{"href":"https:\/\/www.cassandrelepic.com\/en\/wp-json\/wp\/v2\/types\/page"}],"author":[{"embeddable":true,"href":"https:\/\/www.cassandrelepic.com\/en\/wp-json\/wp\/v2\/users\/1"}],"replies":[{"embeddable":true,"href":"https:\/\/www.cassandrelepic.com\/en\/wp-json\/wp\/v2\/comments?post=168"}],"version-history":[{"count":13,"href":"https:\/\/www.cassandrelepic.com\/en\/wp-json\/wp\/v2\/pages\/168\/revisions"}],"predecessor-version":[{"id":390,"href":"https:\/\/www.cassandrelepic.com\/en\/wp-json\/wp\/v2\/pages\/168\/revisions\/390"}],"wp:attachment":[{"href":"https:\/\/www.cassandrelepic.com\/en\/wp-json\/wp\/v2\/media?parent=168"}],"curies":[{"name":"wp","href":"https:\/\/api.w.org\/{rel}","templated":true}]}}