{"id":9,"date":"2025-08-04T15:38:48","date_gmt":"2025-08-04T15:38:48","guid":{"rendered":"https:\/\/cassandrelepic.com\/?page_id=9"},"modified":"2025-08-30T19:56:17","modified_gmt":"2025-08-30T17:56:17","slug":"galerie","status":"publish","type":"page","link":"https:\/\/www.cassandrelepic.com\/en\/galerie\/","title":{"rendered":"Galerie"},"content":{"rendered":"<div class=\"wp-block-uagb-container uagb-block-e504ea0a alignfull uagb-is-root-container\"><div class=\"uagb-container-inner-blocks-wrap\">\n<div class=\"wp-block-uagb-container uagb-block-f0db5685 alignfull uagb-is-root-container\"><div class=\"uagb-container-inner-blocks-wrap\">\n<blockquote class=\"wp-block-quote is-layout-flow wp-block-quote-is-layout-flow\">\n<p>Ma galerie refl\u00e8te mon univers d\u2019\u00e9l\u00e9gance et de domination. Chaque tenue, chaque d\u00e9tail, chaque accessoire exprime ma puissance subtile et mon raffinement. Ici, tu d\u00e9couvres mes jupes crayon, mes talons, mes robes et l\u2019esth\u00e9tique qui nourrit mes jeux de pouvoir.<\/p>\n<\/blockquote>\n<\/div><\/div>\n<\/div><\/div>\n\n\n\n<div class=\"wp-block-uagb-container uagb-block-551f7eed alignfull uagb-is-root-container\"><div class=\"uagb-container-inner-blocks-wrap\"><div  id=\"jtg-20\" class=\"modula modula-gallery modula-creative-gallery\" data-config=\"{&quot;height&quot;:800,&quot;tabletHeight&quot;:800,&quot;mobileHeight&quot;:800,&quot;desktopHeight&quot;:800,&quot;enableTwitter&quot;:false,&quot;enableWhatsapp&quot;:false,&quot;enableFacebook&quot;:false,&quot;enablePinterest&quot;:false,&quot;enableLinkedin&quot;:false,&quot;enableEmail&quot;:false,&quot;randomFactor&quot;:0.5,&quot;type&quot;:&quot;creative-gallery&quot;,&quot;columns&quot;:12,&quot;gutter&quot;:10,&quot;mobileGutter&quot;:10,&quot;tabletGutter&quot;:10,&quot;desktopGutter&quot;:10,&quot;enableResponsive&quot;:&quot;0&quot;,&quot;tabletColumns&quot;:2,&quot;mobileColumns&quot;:1,&quot;lazyLoad&quot;:0,&quot;lightboxOpts&quot;:{&quot;animated&quot;:true,&quot;Thumbs&quot;:{&quot;type&quot;:&quot;modern&quot;,&quot;showOnStart&quot;:false},&quot;Toolbar&quot;:{&quot;display&quot;:{&quot;right&quot;:[&quot;close&quot;]},&quot;enabled&quot;:true},&quot;Carousel&quot;:{&quot;Panzoom&quot;:{&quot;touch&quot;:true},&quot;infinite&quot;:false},&quot;keyboard&quot;:{&quot;Escape&quot;:&quot;close&quot;,&quot;Delete&quot;:&quot;close&quot;,&quot;Backspace&quot;:&quot;close&quot;,&quot;PageUp&quot;:false,&quot;PageDown&quot;:false,&quot;ArrowUp&quot;:false,&quot;ArrowDown&quot;:false,&quot;ArrowRight&quot;:false,&quot;ArrowLeft&quot;:false},&quot;touch&quot;:false,&quot;backdropClick&quot;:false,&quot;l10n&quot;:{&quot;CLOSE&quot;:&quot;Close&quot;,&quot;NEXT&quot;:&quot;Next&quot;,&quot;PREV&quot;:&quot;Previous&quot;,&quot;Error&quot;:&quot;The requested content cannot be loaded. Please try again later.&quot;,&quot;PLAY_START&quot;:&quot;Start slideshow&quot;,&quot;PLAY_STOP&quot;:&quot;Pause slideshow&quot;,&quot;FULL_SCREEN&quot;:&quot;Full screen&quot;,&quot;THUMBS&quot;:&quot;Thumbnails&quot;,&quot;DOWNLOAD&quot;:&quot;Download&quot;,&quot;SHARE&quot;:&quot;Share&quot;,&quot;ZOOM&quot;:&quot;Zoom&quot;,&quot;EMAIL&quot;:&quot;Here is the link to the image : %%image_link%% and this is the link to the gallery : %%gallery_link%%&quot;,&quot;MODAL&quot;:&quot;You can close this modal content with the ESC key&quot;,&quot;ERROR&quot;:&quot;Something Went Wrong, Please Try Again Later&quot;,&quot;IMAGE_ERROR&quot;:&quot;Image Not Found&quot;,&quot;ELEMENT_NOT_FOUND&quot;:&quot;HTML Element Not Found&quot;,&quot;AJAX_NOT_FOUND&quot;:&quot;Error Loading AJAX : Not Found&quot;,&quot;AJAX_FORBIDDEN&quot;:&quot;Error Loading AJAX : Forbidden&quot;,&quot;IFRAME_ERROR&quot;:&quot;Error Loading Page&quot;,&quot;TOGGLE_ZOOM&quot;:&quot;Toggle zoom level&quot;,&quot;TOGGLE_THUMBS&quot;:&quot;Toggle thumbnails&quot;,&quot;TOGGLE_SLIDESHOW&quot;:&quot;Toggle slideshow&quot;,&quot;TOGGLE_FULLSCREEN&quot;:&quot;Toggle full-screen mode&quot;},&quot;Images&quot;:{&quot;Panzoom&quot;:{&quot;maxScale&quot;:2}},&quot;mainClass&quot;:&quot;modula-fancybox-container modula-lightbox-jtg-20&quot;,&quot;Html&quot;:{&quot;videoAutoplay&quot;:0,&quot;videoTpl&quot;:&quot;&lt;video class=\\&quot;fancybox__html5video\\&quot; controls muted playsinline controlsList controlsList=\\&quot;nodownload\\&quot; poster=\\&quot;{{poster}}\\&quot; src=\\&quot;{{src}}\\&quot; type=\\&quot;{{format}}\\&quot; &gt;  Sorry, your browser doesn&#039;t support embedded videos, &lt;a href=\\&quot;{{src}}\\&quot;&gt; download &lt;\\\/a&gt; and watch with your favorite video player! &lt;\\\/video&gt;&quot;}},&quot;inView&quot;:false,&quot;email_subject&quot;:&quot;Check out this awesome image !!&quot;,&quot;email_message&quot;:&quot;Here is the link to the image : %%image_link%% and this is the link to the gallery : %%gallery_link%%&quot;,&quot;lightbox&quot;:&quot;fancybox&quot;}\">\n\n\t\n\t<div  class=\"modula-items\">\n\t\t<div class=\"modula-item effect-pufrobo\" >\n\t<div class=\"modula-item-overlay\"><\/div>\n\n\t<div class=\"modula-item-content\">\n\n\t\t<a data-image-id=\"19\" role=\"button\" tabindex=\"0\" rel=\"jtg-20\" data-caption=\"\" aria-label=\"Open image in lightbox\" class=\"tile-inner modula-item-link\"><\/a><img loading=\"lazy\" decoding=\"async\" class=\"pic wp-image-19\"  data-valign=\"middle\" data-halign=\"center\" alt=\"\" data-full=\"https:\/\/www.cassandrelepic.com\/wp-content\/uploads\/2025\/08\/IMG_1855-1.jpeg\" title=\"IMG_1855\" crop=\"\" width=\"768\" height=\"1024\" src=\"https:\/\/www.cassandrelepic.com\/wp-content\/uploads\/2025\/08\/IMG_1855-1-768x1024.jpeg\" data-src=\"https:\/\/www.cassandrelepic.com\/wp-content\/uploads\/2025\/08\/IMG_1855-1-768x1024.jpeg\" data-caption=\"\" srcset=\"https:\/\/www.cassandrelepic.com\/wp-content\/uploads\/2025\/08\/IMG_1855-1-scaled.jpeg 1920w, https:\/\/www.cassandrelepic.com\/wp-content\/uploads\/2025\/08\/IMG_1855-1-225x300.jpeg 225w, https:\/\/www.cassandrelepic.com\/wp-content\/uploads\/2025\/08\/IMG_1855-1-768x1024.jpeg 768w, https:\/\/www.cassandrelepic.com\/wp-content\/uploads\/2025\/08\/IMG_1855-1-1152x1536.jpeg 1152w, https:\/\/www.cassandrelepic.com\/wp-content\/uploads\/2025\/08\/IMG_1855-1-1536x2048.jpeg 1536w\" sizes=\"auto, (max-width: 768px) 100vw, 768px\" \/>\n\t\t<div class=\"figc no-description\">\n\t\t\t<div class=\"figc-inner\">\n\t\t\t\t\t\t\t\t\t\t\t\t\t\t\t<\/div>\n\t\t<\/div>\n\n\t<\/div>\n\n<\/div><div class=\"modula-item effect-pufrobo\" >\n\t<div class=\"modula-item-overlay\"><\/div>\n\n\t<div class=\"modula-item-content\">\n\n\t\t<a data-image-id=\"18\" role=\"button\" tabindex=\"0\" rel=\"jtg-20\" data-caption=\"\" aria-label=\"Open image in lightbox\" class=\"tile-inner modula-item-link\"><\/a><img loading=\"lazy\" decoding=\"async\" class=\"pic wp-image-18\"  data-valign=\"middle\" data-halign=\"center\" alt=\"\" data-full=\"https:\/\/www.cassandrelepic.com\/wp-content\/uploads\/2025\/08\/IMG_1869.jpeg\" title=\"IMG_1869\" crop=\"\" width=\"576\" height=\"1024\" src=\"https:\/\/www.cassandrelepic.com\/wp-content\/uploads\/2025\/08\/IMG_1869-576x1024.jpeg\" data-src=\"https:\/\/www.cassandrelepic.com\/wp-content\/uploads\/2025\/08\/IMG_1869-576x1024.jpeg\" data-caption=\"\" srcset=\"https:\/\/www.cassandrelepic.com\/wp-content\/uploads\/2025\/08\/IMG_1869-scaled.jpeg 1440w, https:\/\/www.cassandrelepic.com\/wp-content\/uploads\/2025\/08\/IMG_1869-169x300.jpeg 169w, https:\/\/www.cassandrelepic.com\/wp-content\/uploads\/2025\/08\/IMG_1869-576x1024.jpeg 576w, https:\/\/www.cassandrelepic.com\/wp-content\/uploads\/2025\/08\/IMG_1869-768x1365.jpeg 768w, https:\/\/www.cassandrelepic.com\/wp-content\/uploads\/2025\/08\/IMG_1869-864x1536.jpeg 864w, https:\/\/www.cassandrelepic.com\/wp-content\/uploads\/2025\/08\/IMG_1869-1152x2048.jpeg 1152w\" sizes=\"auto, (max-width: 576px) 100vw, 576px\" \/>\n\t\t<div class=\"figc no-description\">\n\t\t\t<div class=\"figc-inner\">\n\t\t\t\t\t\t\t\t\t\t\t\t\t\t\t<\/div>\n\t\t<\/div>\n\n\t<\/div>\n\n<\/div><div class=\"modula-item effect-pufrobo\" >\n\t<div class=\"modula-item-overlay\"><\/div>\n\n\t<div class=\"modula-item-content\">\n\n\t\t<a data-image-id=\"15\" role=\"button\" tabindex=\"0\" rel=\"jtg-20\" data-caption=\"\" aria-label=\"Open image in lightbox\" class=\"tile-inner modula-item-link\"><\/a><img loading=\"lazy\" decoding=\"async\" class=\"pic wp-image-15\"  data-valign=\"middle\" data-halign=\"center\" alt=\"\" data-full=\"https:\/\/www.cassandrelepic.com\/wp-content\/uploads\/2025\/08\/IMG_1774-1.jpeg\" title=\"IMG_1774\" crop=\"\" width=\"576\" height=\"1024\" src=\"https:\/\/www.cassandrelepic.com\/wp-content\/uploads\/2025\/08\/IMG_1774-1-576x1024.jpeg\" data-src=\"https:\/\/www.cassandrelepic.com\/wp-content\/uploads\/2025\/08\/IMG_1774-1-576x1024.jpeg\" data-caption=\"\" srcset=\"https:\/\/www.cassandrelepic.com\/wp-content\/uploads\/2025\/08\/IMG_1774-1-scaled.jpeg 1439w, https:\/\/www.cassandrelepic.com\/wp-content\/uploads\/2025\/08\/IMG_1774-1-169x300.jpeg 169w, https:\/\/www.cassandrelepic.com\/wp-content\/uploads\/2025\/08\/IMG_1774-1-576x1024.jpeg 576w, https:\/\/www.cassandrelepic.com\/wp-content\/uploads\/2025\/08\/IMG_1774-1-768x1366.jpeg 768w, https:\/\/www.cassandrelepic.com\/wp-content\/uploads\/2025\/08\/IMG_1774-1-863x1536.jpeg 863w, https:\/\/www.cassandrelepic.com\/wp-content\/uploads\/2025\/08\/IMG_1774-1-1151x2048.jpeg 1151w\" sizes=\"auto, (max-width: 576px) 100vw, 576px\" \/>\n\t\t<div class=\"figc no-description\">\n\t\t\t<div class=\"figc-inner\">\n\t\t\t\t\t\t\t\t\t\t\t\t\t\t\t<\/div>\n\t\t<\/div>\n\n\t<\/div>\n\n<\/div><div class=\"modula-item effect-pufrobo\" >\n\t<div class=\"modula-item-overlay\"><\/div>\n\n\t<div class=\"modula-item-content\">\n\n\t\t<a data-image-id=\"348\" role=\"button\" tabindex=\"0\" rel=\"jtg-20\" data-caption=\"\" aria-label=\"Open image in lightbox\" class=\"tile-inner modula-item-link\"><\/a><img loading=\"lazy\" decoding=\"async\" class=\"pic wp-image-348\"  data-valign=\"middle\" data-halign=\"center\" alt=\"\" data-full=\"https:\/\/www.cassandrelepic.com\/wp-content\/uploads\/2025\/09\/IMG_1838.jpg\" title=\"IMG_1838\" crop=\"\" width=\"765\" height=\"1024\" src=\"https:\/\/www.cassandrelepic.com\/wp-content\/uploads\/2025\/09\/IMG_1838-765x1024.jpg\" data-src=\"https:\/\/www.cassandrelepic.com\/wp-content\/uploads\/2025\/09\/IMG_1838-765x1024.jpg\" data-caption=\"\" srcset=\"https:\/\/www.cassandrelepic.com\/wp-content\/uploads\/2025\/09\/IMG_1838-scaled.jpg 1913w, https:\/\/www.cassandrelepic.com\/wp-content\/uploads\/2025\/09\/IMG_1838-224x300.jpg 224w, https:\/\/www.cassandrelepic.com\/wp-content\/uploads\/2025\/09\/IMG_1838-765x1024.jpg 765w, https:\/\/www.cassandrelepic.com\/wp-content\/uploads\/2025\/09\/IMG_1838-768x1028.jpg 768w, https:\/\/www.cassandrelepic.com\/wp-content\/uploads\/2025\/09\/IMG_1838-1148x1536.jpg 1148w, https:\/\/www.cassandrelepic.com\/wp-content\/uploads\/2025\/09\/IMG_1838-1530x2048.jpg 1530w, https:\/\/www.cassandrelepic.com\/wp-content\/uploads\/2025\/09\/IMG_1838-9x12.jpg 9w\" sizes=\"auto, (max-width: 765px) 100vw, 765px\" \/>\n\t\t<div class=\"figc no-description\">\n\t\t\t<div class=\"figc-inner\">\n\t\t\t\t\t\t\t\t\t\t\t\t\t\t\t<\/div>\n\t\t<\/div>\n\n\t<\/div>\n\n<\/div><div class=\"modula-item effect-pufrobo\" >\n\t<div class=\"modula-item-overlay\"><\/div>\n\n\t<div class=\"modula-item-content\">\n\n\t\t<a data-image-id=\"342\" role=\"button\" tabindex=\"0\" rel=\"jtg-20\" data-caption=\"\" aria-label=\"Open image in lightbox\" class=\"tile-inner modula-item-link\"><\/a><img loading=\"lazy\" decoding=\"async\" class=\"pic wp-image-342\"  data-valign=\"middle\" data-halign=\"center\" alt=\"\" data-full=\"https:\/\/www.cassandrelepic.com\/wp-content\/uploads\/2025\/09\/IMG_2284-2.jpeg\" title=\"IMG_2284 (2)\" crop=\"\" width=\"576\" height=\"1024\" src=\"https:\/\/www.cassandrelepic.com\/wp-content\/uploads\/2025\/09\/IMG_2284-2-576x1024.jpeg\" data-src=\"https:\/\/www.cassandrelepic.com\/wp-content\/uploads\/2025\/09\/IMG_2284-2-576x1024.jpeg\" data-caption=\"\" srcset=\"https:\/\/www.cassandrelepic.com\/wp-content\/uploads\/2025\/09\/IMG_2284-2-scaled.jpeg 1440w, https:\/\/www.cassandrelepic.com\/wp-content\/uploads\/2025\/09\/IMG_2284-2-169x300.jpeg 169w, https:\/\/www.cassandrelepic.com\/wp-content\/uploads\/2025\/09\/IMG_2284-2-576x1024.jpeg 576w, https:\/\/www.cassandrelepic.com\/wp-content\/uploads\/2025\/09\/IMG_2284-2-768x1365.jpeg 768w, https:\/\/www.cassandrelepic.com\/wp-content\/uploads\/2025\/09\/IMG_2284-2-864x1536.jpeg 864w, https:\/\/www.cassandrelepic.com\/wp-content\/uploads\/2025\/09\/IMG_2284-2-1152x2048.jpeg 1152w, https:\/\/www.cassandrelepic.com\/wp-content\/uploads\/2025\/09\/IMG_2284-2-7x12.jpeg 7w\" sizes=\"auto, (max-width: 576px) 100vw, 576px\" \/>\n\t\t<div class=\"figc no-description\">\n\t\t\t<div class=\"figc-inner\">\n\t\t\t\t\t\t\t\t\t\t\t\t\t\t\t<\/div>\n\t\t<\/div>\n\n\t<\/div>\n\n<\/div><div class=\"modula-item effect-pufrobo\" >\n\t<div class=\"modula-item-overlay\"><\/div>\n\n\t<div class=\"modula-item-content\">\n\n\t\t<a data-image-id=\"362\" role=\"button\" tabindex=\"0\" rel=\"jtg-20\" data-caption=\"\" aria-label=\"Open image in lightbox\" class=\"tile-inner modula-item-link\"><\/a><img loading=\"lazy\" decoding=\"async\" class=\"pic wp-image-362\"  data-valign=\"middle\" data-halign=\"center\" alt=\"\" data-full=\"https:\/\/www.cassandrelepic.com\/wp-content\/uploads\/2025\/09\/IMG_2287.jpeg\" title=\"IMG_2287\" crop=\"\" width=\"576\" height=\"1024\" src=\"https:\/\/www.cassandrelepic.com\/wp-content\/uploads\/2025\/09\/IMG_2287-576x1024.jpeg\" data-src=\"https:\/\/www.cassandrelepic.com\/wp-content\/uploads\/2025\/09\/IMG_2287-576x1024.jpeg\" data-caption=\"\" srcset=\"https:\/\/www.cassandrelepic.com\/wp-content\/uploads\/2025\/09\/IMG_2287-scaled.jpeg 1439w, https:\/\/www.cassandrelepic.com\/wp-content\/uploads\/2025\/09\/IMG_2287-169x300.jpeg 169w, https:\/\/www.cassandrelepic.com\/wp-content\/uploads\/2025\/09\/IMG_2287-576x1024.jpeg 576w, https:\/\/www.cassandrelepic.com\/wp-content\/uploads\/2025\/09\/IMG_2287-768x1366.jpeg 768w, https:\/\/www.cassandrelepic.com\/wp-content\/uploads\/2025\/09\/IMG_2287-864x1536.jpeg 864w, https:\/\/www.cassandrelepic.com\/wp-content\/uploads\/2025\/09\/IMG_2287-1151x2048.jpeg 1151w, https:\/\/www.cassandrelepic.com\/wp-content\/uploads\/2025\/09\/IMG_2287-7x12.jpeg 7w\" sizes=\"auto, (max-width: 576px) 100vw, 576px\" \/>\n\t\t<div class=\"figc no-description\">\n\t\t\t<div class=\"figc-inner\">\n\t\t\t\t\t\t\t\t\t\t\t\t\t\t\t<\/div>\n\t\t<\/div>\n\n\t<\/div>\n\n<\/div><div class=\"modula-item effect-pufrobo\" >\n\t<div class=\"modula-item-overlay\"><\/div>\n\n\t<div class=\"modula-item-content\">\n\n\t\t<a data-image-id=\"365\" role=\"button\" tabindex=\"0\" rel=\"jtg-20\" data-caption=\"\" aria-label=\"Open image in lightbox\" class=\"tile-inner modula-item-link\"><\/a><img loading=\"lazy\" decoding=\"async\" class=\"pic wp-image-365\"  data-valign=\"middle\" data-halign=\"center\" alt=\"\" data-full=\"https:\/\/www.cassandrelepic.com\/wp-content\/uploads\/2025\/09\/IMG_2363-1.jpeg\" title=\"IMG_2363 (1)\" crop=\"\" width=\"576\" height=\"1024\" src=\"https:\/\/www.cassandrelepic.com\/wp-content\/uploads\/2025\/09\/IMG_2363-1-576x1024.jpeg\" data-src=\"https:\/\/www.cassandrelepic.com\/wp-content\/uploads\/2025\/09\/IMG_2363-1-576x1024.jpeg\" data-caption=\"\" srcset=\"https:\/\/www.cassandrelepic.com\/wp-content\/uploads\/2025\/09\/IMG_2363-1-scaled.jpeg 1440w, https:\/\/www.cassandrelepic.com\/wp-content\/uploads\/2025\/09\/IMG_2363-1-169x300.jpeg 169w, https:\/\/www.cassandrelepic.com\/wp-content\/uploads\/2025\/09\/IMG_2363-1-576x1024.jpeg 576w, https:\/\/www.cassandrelepic.com\/wp-content\/uploads\/2025\/09\/IMG_2363-1-768x1365.jpeg 768w, https:\/\/www.cassandrelepic.com\/wp-content\/uploads\/2025\/09\/IMG_2363-1-864x1536.jpeg 864w, https:\/\/www.cassandrelepic.com\/wp-content\/uploads\/2025\/09\/IMG_2363-1-1152x2048.jpeg 1152w, https:\/\/www.cassandrelepic.com\/wp-content\/uploads\/2025\/09\/IMG_2363-1-7x12.jpeg 7w\" sizes=\"auto, (max-width: 576px) 100vw, 576px\" \/>\n\t\t<div class=\"figc no-description\">\n\t\t\t<div class=\"figc-inner\">\n\t\t\t\t\t\t\t\t\t\t\t\t\t\t\t<\/div>\n\t\t<\/div>\n\n\t<\/div>\n\n<\/div><div class=\"modula-item effect-pufrobo\" >\n\t<div class=\"modula-item-overlay\"><\/div>\n\n\t<div class=\"modula-item-content\">\n\n\t\t<a data-image-id=\"366\" role=\"button\" tabindex=\"0\" rel=\"jtg-20\" data-caption=\"\" aria-label=\"Open image in lightbox\" class=\"tile-inner modula-item-link\"><\/a><img loading=\"lazy\" decoding=\"async\" class=\"pic wp-image-366\"  data-valign=\"middle\" data-halign=\"center\" alt=\"\" data-full=\"https:\/\/www.cassandrelepic.com\/wp-content\/uploads\/2025\/09\/IMG_1128.jpeg\" title=\"IMG_1128\" crop=\"\" width=\"1024\" height=\"768\" src=\"https:\/\/www.cassandrelepic.com\/wp-content\/uploads\/2025\/09\/IMG_1128-1024x768.jpeg\" data-src=\"https:\/\/www.cassandrelepic.com\/wp-content\/uploads\/2025\/09\/IMG_1128-1024x768.jpeg\" data-caption=\"\" srcset=\"https:\/\/www.cassandrelepic.com\/wp-content\/uploads\/2025\/09\/IMG_1128-scaled.jpeg 2560w, https:\/\/www.cassandrelepic.com\/wp-content\/uploads\/2025\/09\/IMG_1128-300x225.jpeg 300w, https:\/\/www.cassandrelepic.com\/wp-content\/uploads\/2025\/09\/IMG_1128-1024x768.jpeg 1024w, https:\/\/www.cassandrelepic.com\/wp-content\/uploads\/2025\/09\/IMG_1128-768x576.jpeg 768w, https:\/\/www.cassandrelepic.com\/wp-content\/uploads\/2025\/09\/IMG_1128-1536x1152.jpeg 1536w, https:\/\/www.cassandrelepic.com\/wp-content\/uploads\/2025\/09\/IMG_1128-2048x1536.jpeg 2048w, https:\/\/www.cassandrelepic.com\/wp-content\/uploads\/2025\/09\/IMG_1128-16x12.jpeg 16w\" sizes=\"auto, (max-width: 1024px) 100vw, 1024px\" \/>\n\t\t<div class=\"figc no-description\">\n\t\t\t<div class=\"figc-inner\">\n\t\t\t\t\t\t\t\t\t\t\t\t\t\t\t<\/div>\n\t\t<\/div>\n\n\t<\/div>\n\n<\/div><div class=\"modula-item effect-pufrobo\" >\n\t<div class=\"modula-item-overlay\"><\/div>\n\n\t<div class=\"modula-item-content\">\n\n\t\t<a data-image-id=\"367\" role=\"button\" tabindex=\"0\" rel=\"jtg-20\" data-caption=\"\" aria-label=\"Open image in lightbox\" class=\"tile-inner modula-item-link\"><\/a><img loading=\"lazy\" decoding=\"async\" class=\"pic wp-image-367\"  data-valign=\"middle\" data-halign=\"center\" alt=\"\" data-full=\"https:\/\/www.cassandrelepic.com\/wp-content\/uploads\/2025\/09\/IMG_2471.jpeg\" title=\"IMG_2471\" crop=\"\" width=\"1024\" height=\"1024\" src=\"https:\/\/www.cassandrelepic.com\/wp-content\/uploads\/2025\/09\/IMG_2471-1024x1024.jpeg\" data-src=\"https:\/\/www.cassandrelepic.com\/wp-content\/uploads\/2025\/09\/IMG_2471-1024x1024.jpeg\" data-caption=\"\" srcset=\"https:\/\/www.cassandrelepic.com\/wp-content\/uploads\/2025\/09\/IMG_2471-scaled.jpeg 2560w, https:\/\/www.cassandrelepic.com\/wp-content\/uploads\/2025\/09\/IMG_2471-300x300.jpeg 300w, https:\/\/www.cassandrelepic.com\/wp-content\/uploads\/2025\/09\/IMG_2471-1024x1024.jpeg 1024w, https:\/\/www.cassandrelepic.com\/wp-content\/uploads\/2025\/09\/IMG_2471-150x150.jpeg 150w, https:\/\/www.cassandrelepic.com\/wp-content\/uploads\/2025\/09\/IMG_2471-768x768.jpeg 768w, https:\/\/www.cassandrelepic.com\/wp-content\/uploads\/2025\/09\/IMG_2471-1536x1536.jpeg 1536w, https:\/\/www.cassandrelepic.com\/wp-content\/uploads\/2025\/09\/IMG_2471-2048x2048.jpeg 2048w, https:\/\/www.cassandrelepic.com\/wp-content\/uploads\/2025\/09\/IMG_2471-12x12.jpeg 12w\" sizes=\"auto, (max-width: 1024px) 100vw, 1024px\" \/>\n\t\t<div class=\"figc no-description\">\n\t\t\t<div class=\"figc-inner\">\n\t\t\t\t\t\t\t\t\t\t\t\t\t\t\t<\/div>\n\t\t<\/div>\n\n\t<\/div>\n\n<\/div>\t\t\n\t<\/div>\n\n\t\n\t\n\t<script type=\"application\/ld+json\">\n\t{\n\t\t\"@context\": \"http:\/\/schema.org\",\n\t\t\"@type\"   : \"ImageGallery\",\n\t\t\"id\"      : \"https:\/\/www.cassandrelepic.com\/en\/galerie\/\",\n\t\t\"url\"     : \"https:\/\/www.cassandrelepic.com\/en\/galerie\/\"\n\t}\n\n\t<\/script>\n\n\t\n<\/div>\n\n\n\n<div class=\"wp-block-uagb-call-to-action uagb-block-a80ea0c5 wp-block-button\"><div class=\"uagb-cta__wrap\"><\/div><div class=\"uagb-cta__buttons\"><a href=\"\/en\/conditions\/\" class=\"uagb-cta__button-link-wrapper wp-block-button__link\" target=\"_self\" rel=\"noopener noreferrer\">Mes conditions<svg xmlns=\"https:\/\/www.w3.org\/2000\/svg\" viewbox=\"0 0 512 512\"><path d=\"M504.3 273.6l-112.1 104c-6.992 6.484-17.18 8.218-25.94 4.406c-8.758-3.812-14.42-12.45-14.42-21.1L351.9 288H32C14.33 288 .0002 273.7 .0002 255.1S14.33 224 32 224h319.9l0-72c0-9.547 5.66-18.19 14.42-22c8.754-3.809 18.95-2.075 25.94 4.41l112.1 104C514.6 247.9 514.6 264.1 504.3 273.6z\"><\/path><\/svg><\/a><\/div><\/div>\n<\/div><\/div>","protected":false},"excerpt":{"rendered":"<p>Ma galerie refl\u00e8te mon univers d\u2019\u00e9l\u00e9gance et de domination. Chaque tenue, chaque d\u00e9tail, chaque accessoire exprime ma puissance subtile et [&hellip;]<\/p>","protected":false},"author":1,"featured_media":0,"parent":0,"menu_order":0,"comment_status":"closed","ping_status":"closed","template":"","meta":{"_uag_custom_page_level_css":"","site-sidebar-layout":"default","site-content-layout":"","ast-site-content-layout":"default","site-content-style":"default","site-sidebar-style":"default","ast-global-header-display":"","ast-banner-title-visibility":"","ast-main-header-display":"","ast-hfb-above-header-display":"","ast-hfb-below-header-display":"","ast-hfb-mobile-header-display":"","site-post-title":"","ast-breadcrumbs-content":"","ast-featured-img":"","footer-sml-layout":"","ast-disable-related-posts":"","theme-transparent-header-meta":"","adv-header-id-meta":"","stick-header-meta":"","header-above-stick-meta":"","header-main-stick-meta":"","header-below-stick-meta":"","astra-migrate-meta-layouts":"default","ast-page-background-enabled":"default","ast-page-background-meta":{"desktop":{"background-color":"var(--ast-global-color-5)","background-image":"","background-repeat":"repeat","background-position":"center center","background-size":"auto","background-attachment":"scroll","background-type":"","background-media":"","overlay-type":"","overlay-color":"","overlay-opacity":"","overlay-gradient":""},"tablet":{"background-color":"","background-image":"","background-repeat":"repeat","background-position":"center center","background-size":"auto","background-attachment":"scroll","background-type":"","background-media":"","overlay-type":"","overlay-color":"","overlay-opacity":"","overlay-gradient":""},"mobile":{"background-color":"","background-image":"","background-repeat":"repeat","background-position":"center center","background-size":"auto","background-attachment":"scroll","background-type":"","background-media":"","overlay-type":"","overlay-color":"","overlay-opacity":"","overlay-gradient":""}},"ast-content-background-meta":{"desktop":{"background-color":"var(--ast-global-color-4)","background-image":"","background-repeat":"repeat","background-position":"center center","background-size":"auto","background-attachment":"scroll","background-type":"","background-media":"","overlay-type":"","overlay-color":"","overlay-opacity":"","overlay-gradient":""},"tablet":{"background-color":"var(--ast-global-color-4)","background-image":"","background-repeat":"repeat","background-position":"center center","background-size":"auto","background-attachment":"scroll","background-type":"","background-media":"","overlay-type":"","overlay-color":"","overlay-opacity":"","overlay-gradient":""},"mobile":{"background-color":"var(--ast-global-color-4)","background-image":"","background-repeat":"repeat","background-position":"center center","background-size":"auto","background-attachment":"scroll","background-type":"","background-media":"","overlay-type":"","overlay-color":"","overlay-opacity":"","overlay-gradient":""}},"footnotes":""},"class_list":["post-9","page","type-page","status-publish","hentry"],"uagb_featured_image_src":{"full":false,"thumbnail":false,"medium":false,"medium_large":false,"large":false,"1536x1536":false,"2048x2048":false,"trp-custom-language-flag":false},"uagb_author_info":{"display_name":"Goddess","author_link":"https:\/\/www.cassandrelepic.com\/en\/author\/cassandre-lepicproton-me\/"},"uagb_comment_info":0,"uagb_excerpt":"Ma galerie refl\u00e8te mon univers d\u2019\u00e9l\u00e9gance et de domination. Chaque tenue, chaque d\u00e9tail, chaque accessoire exprime ma puissance subtile et [&hellip;]","_links":{"self":[{"href":"https:\/\/www.cassandrelepic.com\/en\/wp-json\/wp\/v2\/pages\/9","targetHints":{"allow":["GET"]}}],"collection":[{"href":"https:\/\/www.cassandrelepic.com\/en\/wp-json\/wp\/v2\/pages"}],"about":[{"href":"https:\/\/www.cassandrelepic.com\/en\/wp-json\/wp\/v2\/types\/page"}],"author":[{"embeddable":true,"href":"https:\/\/www.cassandrelepic.com\/en\/wp-json\/wp\/v2\/users\/1"}],"replies":[{"embeddable":true,"href":"https:\/\/www.cassandrelepic.com\/en\/wp-json\/wp\/v2\/comments?post=9"}],"version-history":[{"count":11,"href":"https:\/\/www.cassandrelepic.com\/en\/wp-json\/wp\/v2\/pages\/9\/revisions"}],"predecessor-version":[{"id":339,"href":"https:\/\/www.cassandrelepic.com\/en\/wp-json\/wp\/v2\/pages\/9\/revisions\/339"}],"wp:attachment":[{"href":"https:\/\/www.cassandrelepic.com\/en\/wp-json\/wp\/v2\/media?parent=9"}],"curies":[{"name":"wp","href":"https:\/\/api.w.org\/{rel}","templated":true}]}}